{"id":54,"date":"2025-02-07T05:31:04","date_gmt":"2025-02-07T05:31:04","guid":{"rendered":"https:\/\/www.zhonghaiglass.com\/?page_id=54"},"modified":"2025-05-20T03:52:56","modified_gmt":"2025-05-20T03:52:56","slug":"about-us","status":"publish","type":"page","link":"https:\/\/www.zhonghaiglass.com\/it\/about-us\/","title":{"rendered":"Informazioni sul vetro di Zhonghai"},"content":{"rendered":"<div class=\"path_bar\">\n        <div class=\"layout\" style=\"margin:0 auto\">\n            <ul>\n                <li><a href=\"\/\">Casa<\/a><\/li>\n                <!--\u9762\u5305\u5c51-->\n               <li><a href=\"\">Chi siamo<\/a><\/li>\n            <\/ul>\n        <\/div>\n    <\/div>\n\n\n\n<p class=\"has-text-align-center\" style=\"font-size:30px\"><strong>IL VETRO DI ZHONGHAI<\/strong><\/p>\n\n\n\n<div class=\"ab-com\" id=\"oc\" style=\"margin-bottom:25px;padding-bottom:0;padding-top:0\" >\n      <div class=\"layout\">\n\n<div>\n                      <h2 class=\"homeTitle homeTitle2\">\n                          <b><\/b>\n                          <span class=\"section-title-main\">Produttore professionale di imballaggi in vetro\n<\/span>\n                          <b><\/b>\n                          <\/h2>\n                    <\/div>\n\n         <p>Benvenuti a Zhonghai Glass, azienda leader <strong>produttore di imballaggi in vetro<\/strong> con sede a Shandong, in Cina. Con 15 anni di esperienza, siamo specializzati in prodotti personalizzati. <a style=\"text-decoration:underline\" href=\"\/spirits-glass-bottle-category\/\">bottiglie di vetro per liquori<\/a>, <a style=\"text-decoration:underline\" href=\"\/water-glass-bottle-category\/\">bottiglia d'acqua in vetro<\/a>, <a style=\"text-decoration:underline\" href=\"\/cosmetic-packaging-category\/\">confezioni per cosmetici<\/a>e altri prodotti di alta qualit\u00e0 <a style=\"text-decoration:underline\" href=\"\/products\/\">imballaggi in vetro e scatole<\/a> soluzioni. Il nostro stabilimento \u00e8 dotato di automazione completa e di macchinari CNC avanzati, che consentono una capacit\u00e0 produttiva giornaliera di 800.000 unit\u00e0 e garantiscono precisione ed efficienza.\n<\/p>\n         <p>Offriamo servizi ODM e OEM completi e one-stop, con il supporto dei nostri team di progettazione professionale e di tecnici qualificati. Il nostro impegno per prodotti di alta qualit\u00e0 e per la soddisfazione dei clienti si riflette nel nostro rigoroso controllo di qualit\u00e0 e nei rapidi tempi di consegna. Zhonghai Glass offre un'ampia gamma di specifiche di prodotto per soddisfare le diverse esigenze dei clienti.<\/p>\n <p>Scegliete Zhonghai Glass per soluzioni affidabili e innovative e per partnership durature, il tutto supportato dal nostro servizio clienti 24\/7 e dalla nostra dedizione all'eccellenza.<\/p>\n\n\n\n     <\/div>\n<\/div>\n\n\n\n<div class=\"ab-com\" id=\"oc\" style=\"margin-bottom:25px;padding-bottom:0;padding-top:0\" >\n      <div class=\"layout\">\n        <div class=\"index_bd ab-body\">\n           <div class=\"company_intr_img wow fadeInUpA sys-col-md-6\" style=\"visibility: visible; animation-name: fadeInUpA;\">\n          <img decoding=\"async\" width=\"100%\" src=\"\/wp-content\/uploads\/2025\/02\/ss.webp\" alt=\"vetro zhonghai\">\n          <\/div>\n          <div class=\"company_intr_cont wow fadeInLeftA sys-col-md-6\" style=\"visibility: visible; animation-name: fadeInLeftA;\">\n           <div>\n                      <h2 class=\"homeTitle homeTitle2\" style=\"margin-top:0!important\">\n                          <b><\/b>\n                          <span class=\"section-title-main\" style=\"line-height:1em\">Il nostro team<\/span>\n                          <b><\/b>\n                          <\/h2>\n                    <\/div>\n               <div class=\"tt-ab\">\n           \n             <p style=\"text-align:center\">Team professionale + macchinari avanzati + prodotto di alta qualit\u00e0 + servizio One-Stop<\/p>\n              <p style=\"text-align:center;font-weight:bold\">||<\/p>\n            <p style=\"text-align:center\">Soluzione di imballaggio in vetro Zhonghai<\/p>\n\n<p style=\"text-align:center\">Quando si tratta di prodotti di qualit\u00e0, innovazione, sostenibilit\u00e0 e servizio, Zhonghai Glass Packaging \u00e8 considerato il fornitore leader del settore.<\/p>\n           \n          <\/div>  \n              \n             \n             \n            \n          <\/div>\n         \n        <\/div>\n      <\/div>\n    <\/div>\n\n\n\n<div class=\"ab-com\" id=\"oc\" style=\"margin-bottom:25px;padding-bottom:0;padding-top:0\" >\n      <div class=\"layout layout2\">\n    \n\n\n         <p style=\"margin-bottom:10px\">Sul mercato, Zhonghai Glass Packaging impiega lavoratori altamente qualificati in impianti di produzione del vetro all'avanguardia, dotati di sistemi avanzati di ispezione e monitoraggio. Siamo in stretto contatto con i nostri clienti di tutto il mondo, il che ci permette di offrire maggiore flessibilit\u00e0, collaborazione tecnica e progettuale e inventario per soddisfare le esigenze dei nostri clienti.<\/p>\n<p style=\"margin-bottom:10px\">Zhonghai Glass Packaging produce <strong>100% e riciclabile all'infinito, eco-compatibile<\/strong> imballaggi in vetro di tutte le forme e dimensioni.<\/p>\n<p style=\"margin-bottom:10px\">Disponiamo delle risorse e dell'esperienza necessarie per creare imballaggi in vetro innovativi e distintivi, in grado di creare una differenziazione del marchio. Il vetro protegge perfettamente il contenuto, \u00e8 trasparente, ha un forte appeal sugli scaffali e pu\u00f2 essere progettato per esprimere la personalit\u00e0 di un marchio.<\/p>\n\n\n\n\n     <\/div>\n<\/div>\n\n\n\n<div class=\"ab-com\" id=\"oc\" style=\"margin-bottom:25px;padding-bottom:0;padding-top:0\" >\n      <div class=\"layout\">\n        \n<div class=\"teamImg\">\n         <ul class=\"ab-img\">\n          <li> <img decoding=\"async\" width=\"100%\" src=\"\/wp-content\/uploads\/2025\/02\/vdf.webp\" alt=\"vetro zhonghai\"><\/li>\n<li> <img decoding=\"async\" width=\"100%\" src=\"\/wp-content\/uploads\/2025\/02\/mktj.webp\" alt=\"vetro zhonghai\"><\/li>\n<li> <img decoding=\"async\" width=\"100%\" src=\"\/wp-content\/uploads\/2025\/02\/vfde.webp\" alt=\"vetro zhonghai\"><\/li>\n<li> <img decoding=\"async\" width=\"100%\" src=\"\/wp-content\/uploads\/2025\/02\/dcsa.webp\" alt=\"vetro zhonghai\"><\/li>\n\n\n<\/ul>\n<\/div>\n\n\n     <\/div>\n<\/div>\n\n\n\n<style>\nimg{\nborder-radius:15px\n}\n   .carousel{\n    position: relative;\n    width: 100%;\n    height: 400px;\n    overflow: hidden;\n  }\n  .carousel-inner{\n    display: flex;\n    transition: transform 0.5s ease-in-out;\n  }\n  .carousel img {\n    width: 20%;\n   \n    margin-right:0.5%\n  }\n  .carousel-button {\n    position: absolute;\n    top: 50%;\n    transform: translateY(-50%);\n    background-color: rgba(0, 0, 0, 0.5);\n    color: white;\n    border: none;\n    padding: 10px;\n    cursor: pointer;\n  }\n  #prevBtn {\n    left: 10px;\n  }\n  #nextBtn {\n    right: 10px;\n  }\n.ab-body{\ndisplay:flex;\nflex-flow:row wrap;\njustify-content: space-between;\n\n}\n\n\n.text-p ul li{\nlist-style:disc!important;\nmargin-left:17px;\nline-height: 2em;\n\n\n}\n.content-list li{\n    list-style: disc;\n    margin-left: 3%;\n\n}\n.icon-card{\ntext-align:center;\nwidth:20%\n\n}\n.icon-card h2{\ncolor:#fff\n\n\n}\n.icon-card p{\ncolor:#000!important;\n    padding: 10px 20px;\n}\n.ab-com{\npadding:50px 0\n}\n.index_ce{\npadding:50px 0\n\n}\n.icon-card2{\nmargin-bottom:15px;\nwidth:24%!important\n\n\n}\n.gg{\ndisplay:flex;\njustify-content:space-between\n}\n.icon-card2 img{\nwidth:100%\n\n}\n\n.bt-ab{\nmargin-bottom:55px!important\n\n}\n.tt-ab h2{\nfont-size:22px;\n\n\n}\n.ab-app{\n background-image: linear-gradient(180deg,rgba(0,0,0,0.8) 0%,rgba(0,0,0,0.5) 100%),url(\/wp-content\/uploads\/2025\/01\/equipment.webp)!important;\n    background-position: top;\n    background-repeat: no-repeat;\n    background-size: cover;\npadding:5% 0\n\n}\n\n.icon-card img{\nwidth:97%;\nmargin-bottom:20px\n}\n.icon-card h4{\ncolor:#000\n}\n\n@media screen and (min-width:981px){\n.homeTitle{\nmargin:2% 0!important;\nfont-size:28px!important\n\n}\n.tt-ab h2{\n\nmargin-bottom:35px\n\n}\n.ab-prolist li{\nwidth:25%!important}\n.ab-left-img{\npadding-right:20px\n}\n.text-p{\nline-height:1.8em;\npadding-right:15px\n}\n\n}\n@media screen and (max-width:981px){\n.homeTitle{\nmargin-bottom:15px!important\n}\n.bj{\nmargin-bottom:0!important\n\n\n}\n.icon-card{\nwidth:50%\n\n}\n\n.ab-img li{\nwidth:100%!important;\nmargin-bottom:10px\n}\n\n.icon-card img{\nwidth:40px!important\n}\n.ab-com .sys-col-md-6{\nwidth:100%!important;\nmargin-bottom:30px;\n}\n.ab-app{\nmargin-bottom:0px!important\n\n}\n.ab-com{\npadding-top:0px!important}\n\n.tt-ab h2{\nmargin-bottom:30px;\n\n\n}\n.ab-w{\nmargin-bottom:0!important\n}\n\n}\n.head-h3{\nposition:relative;\npadding-left:10px\n\n}\n.head-h3::before{\nposition:absolute;\ncontent:\"\";\nbottom:0;\nleft:0;\nheight:100%;\nwidth:7px;\nbackground:#D02D27\n\n\n}\n\n.ab-img{\n\ndisplay:flex;\njustify-content:space-between;\nflex-flow:row wrap\n}\n.ab-img li{\nwidth:24.3%\n\n}\np{\nline-height:1.8em!important\n}\n.sec-body-left p{\n    -webkit-line-clamp: inherit!important\n}\n.ab-com .layout{\n\nmargin:55px auto!important\n\n}\n.fs-body4 ul {\n    display: flex;\n    justify-content: space-between;\n    flex-flow: row wrap;\n    margin-bottom: 50px;\n}\n.fs-body4 ul li {\n    width: 33%;\n    margin-bottom: 0.6%;\n}\n@media screen and (max-width:981px){\n.ab-com .layout{\nmargin:15px auto 0!important\n\n\n}\n.ab-com{\nmargin-bottom:0!important\n}\n.ab-com .layout2{\nmargin-top:0!important\n\n}\n\n\n\n\n}\n\n<\/style>\n\n\n\n<!--\u53f3\u4e0b\u89d2\u8868\u5355-->\n       <div id=\"popupForm\" data-scroll-reveal=\"enter bottom over .3s after .2s\">\n  <span id=\"close-btn\">\u00d7<\/span>\n    <div class=\"header_inquiry\"\n         style=\"display: flex; align-items: center; justify-content: center; height: 64vh; background-color: #f1f4f6; width: 100%;\">\n        <div id=\"header_inquiry-form\"\n             style=\"border:1px solid #bfbfbf; padding: 2em; padding-top:2.625em;width: 84%; background-color: #fff;\">\n            <div style=\"background-color: #013e5a; color: #fff; padding: 1em; border-radius: 5px; margin-bottom: 2em; text-align: center;\">\n                <h2 style=\"margin: 0; color: #fff;\">Lasciate il vostro messaggio<\/h2>\n            <\/div>\n            <form id=\"header_inquiry-form-content\" action=\"#\" method=\"post\" style=\"color: #666;\" data-trp-original-action=\"#\">\n                <input type=\"text\" name=\"title\" id=\"name\" placeholder=\"Nome...\" required\n style=\"width: 100%; padding: 1em; margin-bottom: 1em; box-sizing: border-box;\">\n                <input type=\"email\" name=\"email\" id=\"email\"\n                       placeholder=\"*Email (Vi risponderemo via email entro 24 ore)\" required\n style=\"width: 100%; padding: 1em; margin-bottom: 1em; box-sizing: border-box;\">\n                <input type=\"text\" name=\"telephone\" id=\"phone\" placeholder=\"Telefono\/WhatsApp\/WeChat (molto importante)\"\n                       required style=\"width: 100%; padding: 1em; margin-bottom: 1em; box-sizing: border-box;\">\n                <textarea name=\"message\" id=\"details\" rows=\"4\"\n                          placeholder=\"*Inserire i dettagli della testata, come dimensioni, colore, materiali, ecc. e altri requisiti specifici per ricevere un preventivo accurato.\"\n                          style=\"width: 100%; padding: 1em; margin-bottom: 1em; box-sizing: border-box;\"><\/textarea>\n                <button id=\"send_form\" type=\"submit\"\n                        style=\"background-color: #f28808; color: #fff; padding: 1em 1.5em; border: none; border-radius: 3px; cursor: pointer; width: 100%;\">\n                    Inviare\n                <\/button>\n            <input type=\"hidden\" name=\"trp-form-language\" value=\"it\"\/><\/form>\n        <\/div>\n    <\/div>\n    \n\n\n\n\n<\/div>\n  <!-- Contact Us\u6309\u94ae -->\n    <button id=\"contactUsBtn\">Contatto con noi<\/button>\n<style>\n  \/* \u8868\u5355\u5bb9\u5668\u6837\u5f0f *\/\n  #popupForm {\n    position: fixed;\n    bottom: 20px;\n    left: 20px;\n    width: 385px;\n    \/*padding: 20px;*\/\n    background-color: #fff;\n    \/*border: 1px solid #ccc;*\/\n    box-shadow: 0 2px 10px rgba(0,0,0,0.1);\n    \/*display: none; *\/\n    z-index: 99999;\n    border-radius: 15px;\n    display: none;\n  }\n\n  \/* \u5173\u95ed\u6309\u94ae\u6837\u5f0f *\/\n  #close-btn {\n    position: absolute;\n    top: 0px;\n    right: 15px;\n    cursor: pointer;\n    font-size: 28px;\n        color: #979797;\n  }\n #popupForm .header_inquiry{\n     padding:0!important;\n     \n     border-radius: 15px;\n     \n  }\n #popupForm #header_inquiry-form{\n      width:100%!important;\n      border:0!important;\n      border-radius: 15px;\n  }\n #popupForm #header_inquiry-form h2{\n     font-size: 16px;\n }\n \n \n#popupForm input, textarea{\n      font-size: 12px;\n      border-radius: 5px;\n    border: 1px solid #dcdcdc!important;\n}\n#popupForm #header_inquiry-form div:nth-child(1){\n        background: #30318e!important;\n        padding:10px!important;\n}\n#popupForm #header_inquiry-form button{\n    width: 100%!important;\n        padding: 0.8em 1.5em!important;\n        background:#86C953!important;\n        border-radius: 25px!important;\n}\n\n \/* Contact Us\u6309\u94ae\u6837\u5f0f *\/\n        #contactUsBtn {\n            position: fixed;\n            bottom: 20px;\n            left: 20px;\n            display: block;\n                background: #30318e;\n    border: 0;\n    color: #fff;\n    padding: 10px 40px;\n    font-weight: bold;\n    border-radius: 25px;\n    font-size: 18px;\n    z-index: 99999;\n    \/*display: none;*\/\n    cursor: pointer;\n     transition: all 0.3s ease;\n        }\n         #contactUsBtn:hover {\n    animation: shake 0.5s;\n    animation-iteration-count: 1; \/* \u6296\u52a81\u6b21 *\/\n}\n\n@keyframes shake {\n    0% { transform: translate(0, 0); }\n    25% { transform: translate(0, -5px); }\n    50% { transform: translate(0, 5px); }\n    75% { transform: translate(0, -5px); }\n    100% { transform: translate(0, 0); }\n}\n        \n        \n<\/style>\n <script>\n        \/\/ \u83b7\u53d6\u5143\u7d20\n        const popupForm = document.getElementById('popupForm');\n        const closeBtn = document.getElementById('close-btn');\n        const contactUsBtn = document.getElementById('contactUsBtn');\n\n        \/\/ \u663e\u793a\u8868\u5355\u51fd\u6570\n        function showForm() {\n            popupForm.style.display = 'block';\n            contactUsBtn.style.display = 'none';\n        }\n\n        \/\/ \u9690\u85cf\u8868\u5355\u51fd\u6570\n        function hideForm() {\n            popupForm.style.display = 'none';\n            contactUsBtn.style.display = 'block';\n        }\n\n        \/\/ \u9875\u9762\u52a0\u8f7d\u5b8c\u6210\u540e\u663e\u793a\u8868\u5355\uff08\u53ef\u6839\u636e\u9700\u6c42\u4fee\u6539\u89e6\u53d1\u6761\u4ef6\uff09\n        \/\/ window.onload = showForm;\n\n        \/\/ \u7ed9\u5173\u95ed\u6309\u94ae\u6dfb\u52a0\u70b9\u51fb\u4e8b\u4ef6\u76d1\u542c\u5668\n        closeBtn.addEventListener('click', hideForm);\n          contactUsBtn.addEventListener('click', showForm);\n    <\/script>","protected":false},"excerpt":{"rendered":"<p>Home About Us ABOUT ZHONGHAI GLASS Professional Glass Packaging Manufacturer Welcome to Zhonghai Glass &#8211; a leading glass packaging manufacturer located in Shandong, China. With 15 years of experience, we specialize in custom spirits glass bottles, water glass bottle, cosmetics packaging, and other high-quality glass and box packaging solutions. Our factory features full automation and [&hellip;]<\/p>","protected":false},"author":1,"featured_media":0,"parent":0,"menu_order":0,"comment_status":"closed","ping_status":"closed","template":"","meta":{"footnotes":""},"class_list":["post-54","page","type-page","status-publish","hentry"],"yoast_head":"<!-- This site is optimized with the Yoast SEO plugin v24.4 - https:\/\/yoast.com\/wordpress\/plugins\/seo\/ -->\n<title>Zhonghaiglass - Glass Bottle supplier - Zhonghai (Tianjin) International Trade Co., Ltd.<\/title>\n<meta name=\"description\" content=\"Spirits Glass Bottle manufacturer, also supply Water Glass Bottle, High Borosilicate Glass Bottle, Olive Oil Glass Bottle, Natural Colored Material Glass Bottle and other Packagings.\" \/>\n<meta name=\"robots\" content=\"index, follow, max-snippet:-1, max-image-preview:large, max-video-preview:-1\" \/>\n<link rel=\"canonical\" href=\"https:\/\/www.zhonghaiglass.com\/it\/about-us\/\" \/>\n<meta property=\"og:locale\" content=\"it_IT\" \/>\n<meta property=\"og:type\" content=\"article\" \/>\n<meta property=\"og:title\" content=\"Zhonghaiglass - Glass Bottle supplier - Zhonghai (Tianjin) International Trade Co., Ltd.\" \/>\n<meta property=\"og:description\" content=\"Spirits Glass Bottle manufacturer, also supply Water Glass Bottle, High Borosilicate Glass Bottle, Olive Oil Glass Bottle, Natural Colored Material Glass Bottle and other Packagings.\" \/>\n<meta property=\"og:url\" content=\"https:\/\/www.zhonghaiglass.com\/it\/about-us\/\" \/>\n<meta property=\"og:site_name\" content=\"Zhonghai (Tianjin) International Trade Co., Ltd.\" \/>\n<meta property=\"article:modified_time\" content=\"2025-05-20T03:52:56+00:00\" \/>\n<meta name=\"twitter:card\" content=\"summary_large_image\" \/>\n<meta name=\"twitter:label1\" content=\"Est. reading time\" \/>\n\t<meta name=\"twitter:data1\" content=\"3 minuti\" \/>\n<script type=\"application\/ld+json\" class=\"yoast-schema-graph\">{\"@context\":\"https:\/\/schema.org\",\"@graph\":[{\"@type\":\"WebPage\",\"@id\":\"https:\/\/www.zhonghaiglass.com\/about-us\/\",\"url\":\"https:\/\/www.zhonghaiglass.com\/about-us\/\",\"name\":\"Zhonghaiglass - Glass Bottle supplier - Zhonghai (Tianjin) International Trade Co., Ltd.\",\"isPartOf\":{\"@id\":\"https:\/\/www.zhonghaiglass.com\/#website\"},\"datePublished\":\"2025-02-07T05:31:04+00:00\",\"dateModified\":\"2025-05-20T03:52:56+00:00\",\"description\":\"Spirits Glass Bottle manufacturer, also supply Water Glass Bottle, High Borosilicate Glass Bottle, Olive Oil Glass Bottle, Natural Colored Material Glass Bottle and other Packagings.\",\"breadcrumb\":{\"@id\":\"https:\/\/www.zhonghaiglass.com\/about-us\/#breadcrumb\"},\"inLanguage\":\"it-IT\",\"potentialAction\":[{\"@type\":\"ReadAction\",\"target\":[\"https:\/\/www.zhonghaiglass.com\/about-us\/\"]}]},{\"@type\":\"BreadcrumbList\",\"@id\":\"https:\/\/www.zhonghaiglass.com\/about-us\/#breadcrumb\",\"itemListElement\":[{\"@type\":\"ListItem\",\"position\":1,\"name\":\"Home\",\"item\":\"https:\/\/www.zhonghaiglass.com\/\"},{\"@type\":\"ListItem\",\"position\":2,\"name\":\"About Zhonghai glass\"}]},{\"@type\":\"WebSite\",\"@id\":\"https:\/\/www.zhonghaiglass.com\/#website\",\"url\":\"https:\/\/www.zhonghaiglass.com\/\",\"name\":\"Zhonghai (Tianjin) International Trade Co., Ltd.\",\"description\":\"Zhonghai (Tianjin) International Trade Co., Ltd.\",\"publisher\":{\"@id\":\"https:\/\/www.zhonghaiglass.com\/#organization\"},\"potentialAction\":[{\"@type\":\"SearchAction\",\"target\":{\"@type\":\"EntryPoint\",\"urlTemplate\":\"https:\/\/www.zhonghaiglass.com\/?s={search_term_string}\"},\"query-input\":{\"@type\":\"PropertyValueSpecification\",\"valueRequired\":true,\"valueName\":\"search_term_string\"}}],\"inLanguage\":\"it-IT\"},{\"@type\":\"Organization\",\"@id\":\"https:\/\/www.zhonghaiglass.com\/#organization\",\"name\":\"Zhonghai (Tianjin) International Trade Co., Ltd.\",\"url\":\"https:\/\/www.zhonghaiglass.com\/\",\"logo\":{\"@type\":\"ImageObject\",\"inLanguage\":\"it-IT\",\"@id\":\"https:\/\/www.zhonghaiglass.com\/#\/schema\/logo\/image\/\",\"url\":\"https:\/\/www.zhonghaiglass.com\/wp-content\/uploads\/2025\/02\/cropped-ZH-logo-3.webp\",\"contentUrl\":\"https:\/\/www.zhonghaiglass.com\/wp-content\/uploads\/2025\/02\/cropped-ZH-logo-3.webp\",\"width\":774,\"height\":372,\"caption\":\"Zhonghai (Tianjin) International Trade Co., Ltd.\"},\"image\":{\"@id\":\"https:\/\/www.zhonghaiglass.com\/#\/schema\/logo\/image\/\"}}]}<\/script>\n<!-- \/ Yoast SEO plugin. -->","yoast_head_json":{"title":"Zhonghaiglass - Glass Bottle supplier - Zhonghai (Tianjin) International Trade Co., Ltd.","description":"Spirits Glass Bottle manufacturer, also supply Water Glass Bottle, High Borosilicate Glass Bottle, Olive Oil Glass Bottle, Natural Colored Material Glass Bottle and other Packagings.","robots":{"index":"index","follow":"follow","max-snippet":"max-snippet:-1","max-image-preview":"max-image-preview:large","max-video-preview":"max-video-preview:-1"},"canonical":"https:\/\/www.zhonghaiglass.com\/it\/about-us\/","og_locale":"it_IT","og_type":"article","og_title":"Zhonghaiglass - Glass Bottle supplier - Zhonghai (Tianjin) International Trade Co., Ltd.","og_description":"Spirits Glass Bottle manufacturer, also supply Water Glass Bottle, High Borosilicate Glass Bottle, Olive Oil Glass Bottle, Natural Colored Material Glass Bottle and other Packagings.","og_url":"https:\/\/www.zhonghaiglass.com\/it\/about-us\/","og_site_name":"Zhonghai (Tianjin) International Trade Co., Ltd.","article_modified_time":"2025-05-20T03:52:56+00:00","twitter_card":"summary_large_image","twitter_misc":{"Est. reading time":"3 minuti"},"schema":{"@context":"https:\/\/schema.org","@graph":[{"@type":"WebPage","@id":"https:\/\/www.zhonghaiglass.com\/about-us\/","url":"https:\/\/www.zhonghaiglass.com\/about-us\/","name":"Zhonghaiglass - Glass Bottle supplier - Zhonghai (Tianjin) International Trade Co., Ltd.","isPartOf":{"@id":"https:\/\/www.zhonghaiglass.com\/#website"},"datePublished":"2025-02-07T05:31:04+00:00","dateModified":"2025-05-20T03:52:56+00:00","description":"Spirits Glass Bottle manufacturer, also supply Water Glass Bottle, High Borosilicate Glass Bottle, Olive Oil Glass Bottle, Natural Colored Material Glass Bottle and other Packagings.","breadcrumb":{"@id":"https:\/\/www.zhonghaiglass.com\/about-us\/#breadcrumb"},"inLanguage":"it-IT","potentialAction":[{"@type":"ReadAction","target":["https:\/\/www.zhonghaiglass.com\/about-us\/"]}]},{"@type":"BreadcrumbList","@id":"https:\/\/www.zhonghaiglass.com\/about-us\/#breadcrumb","itemListElement":[{"@type":"ListItem","position":1,"name":"Home","item":"https:\/\/www.zhonghaiglass.com\/"},{"@type":"ListItem","position":2,"name":"About Zhonghai glass"}]},{"@type":"WebSite","@id":"https:\/\/www.zhonghaiglass.com\/#website","url":"https:\/\/www.zhonghaiglass.com\/","name":"Zhonghai (Tianjin) International Trade Co., Ltd.","description":"Zhonghai (Tianjin) International Trade Co., Ltd.","publisher":{"@id":"https:\/\/www.zhonghaiglass.com\/#organization"},"potentialAction":[{"@type":"SearchAction","target":{"@type":"EntryPoint","urlTemplate":"https:\/\/www.zhonghaiglass.com\/?s={search_term_string}"},"query-input":{"@type":"PropertyValueSpecification","valueRequired":true,"valueName":"search_term_string"}}],"inLanguage":"it-IT"},{"@type":"Organization","@id":"https:\/\/www.zhonghaiglass.com\/#organization","name":"Zhonghai (Tianjin) International Trade Co., Ltd.","url":"https:\/\/www.zhonghaiglass.com\/","logo":{"@type":"ImageObject","inLanguage":"it-IT","@id":"https:\/\/www.zhonghaiglass.com\/#\/schema\/logo\/image\/","url":"https:\/\/www.zhonghaiglass.com\/wp-content\/uploads\/2025\/02\/cropped-ZH-logo-3.webp","contentUrl":"https:\/\/www.zhonghaiglass.com\/wp-content\/uploads\/2025\/02\/cropped-ZH-logo-3.webp","width":774,"height":372,"caption":"Zhonghai (Tianjin) International Trade Co., Ltd."},"image":{"@id":"https:\/\/www.zhonghaiglass.com\/#\/schema\/logo\/image\/"}}]}},"_links":{"self":[{"href":"https:\/\/www.zhonghaiglass.com\/it\/wp-json\/wp\/v2\/pages\/54","targetHints":{"allow":["GET"]}}],"collection":[{"href":"https:\/\/www.zhonghaiglass.com\/it\/wp-json\/wp\/v2\/pages"}],"about":[{"href":"https:\/\/www.zhonghaiglass.com\/it\/wp-json\/wp\/v2\/types\/page"}],"author":[{"embeddable":true,"href":"https:\/\/www.zhonghaiglass.com\/it\/wp-json\/wp\/v2\/users\/1"}],"replies":[{"embeddable":true,"href":"https:\/\/www.zhonghaiglass.com\/it\/wp-json\/wp\/v2\/comments?post=54"}],"version-history":[{"count":2,"href":"https:\/\/www.zhonghaiglass.com\/it\/wp-json\/wp\/v2\/pages\/54\/revisions"}],"predecessor-version":[{"id":1660,"href":"https:\/\/www.zhonghaiglass.com\/it\/wp-json\/wp\/v2\/pages\/54\/revisions\/1660"}],"wp:attachment":[{"href":"https:\/\/www.zhonghaiglass.com\/it\/wp-json\/wp\/v2\/media?parent=54"}],"curies":[{"name":"wp","href":"https:\/\/api.w.org\/{rel}","templated":true}]}}