{"id":441,"date":"2025-02-27T03:15:14","date_gmt":"2025-02-27T03:15:14","guid":{"rendered":"https:\/\/www.zhonghaiglass.com\/?page_id=441"},"modified":"2025-05-28T01:19:26","modified_gmt":"2025-05-28T01:19:26","slug":"factory-overview","status":"publish","type":"page","link":"https:\/\/www.zhonghaiglass.com\/fr\/factory-overview\/","title":{"rendered":"Aper\u00e7u de l'usine"},"content":{"rendered":"<div class=\"path_bar\">\n        <div class=\"layout\">\n            <ul>\n                <li><a href=\"\/\">Accueil<\/a><\/li>\n                <!--\u9762\u5305\u5c51-->\n               <li><a href=\"\">Aper\u00e7u de l'usine<\/a><\/li>\n            <\/ul>\n        <\/div>\n    <\/div>\n\n\n\n<p class=\"has-text-align-center\" style=\"font-size:30px\"><strong>APER\u00c7U DE L'USINE<\/strong><\/p>\n\n\n\n<div class=\"layout lk\">\n<p><br>Zhonghai Glass - un professionnel<a href=\"\/about-us\/\"> fabricant d'emballages en verre<\/a> situ\u00e9e \u00e0 Shandong, en Chine. Notre \u00e9quipement de pointe est utilis\u00e9 pour la production de toutes sortes de produits. <a href=\"\/spirits-glass-bottle-category\/\">bouteilles de verre pour spiritueux<\/a>, <a href=\"\/water-glass-bottle-category\/\">bouteille d'eau en verre<\/a>, beverage glass bottle, <a href=\"\/cosmetic-packaging-category\/\">emballage des produits cosm\u00e9tiques<\/a> et <a href=\"\/packaging-box-category\/\">bo\u00eete d'emballage<\/a>. Un personnel technique et de production bien form\u00e9 pour contr\u00f4ler la qualit\u00e9 tout au long du processus. Nous vous invitons \u00e0 visiter notre usine !<\/p>\n<\/div>\n\n\n\n<div class=\"factory-body top1\" style=\"margin-top:30px\">\n<div class=\"layout\">\n<h2>Affichage d'usine<\/h2>\n<ul class=\"fac-flex\">\n<li class=\"ff-left\">\n\n<ul class=\"sub-left\">\n<li> <img decoding=\"async\" src=\"\/wp-content\/uploads\/2025\/03\/1-2.webp\" alt=\"usine de zhonghai\"><p>Atelier<\/p><\/li>\n<li> <img decoding=\"async\" src=\"\/wp-content\/uploads\/2025\/03\/grr.webp\" alt=\"usine de zhonghai\"><p>Equipement<\/p><\/li>\n<li> <img decoding=\"async\" src=\"\/wp-content\/uploads\/2025\/03\/cd.webp\" alt=\"usine de zhonghai\"><p>Melting Pot<\/p><\/li>\n<li> <img decoding=\"async\" src=\"\/wp-content\/uploads\/2025\/03\/gtr.webp\" alt=\"usine de zhonghai\"><p>Moule<\/p><\/li>\n\n\n<\/ul>\n<\/li>\n<li class=\"ff-right\">\n<img decoding=\"async\" src=\"\/wp-content\/uploads\/2025\/04\/rf-1.webp\" alt=\"usine de zhonghai\">\n\n<\/li>\n\n<\/ul>\n\n\n\n<\/div>\n\n<\/div>\n\n\n\n<div class=\"factory-body\">\n<div class=\"layout\">\n<h2>Entrep\u00f4t<\/h2>\n<ul class=\"fac-flex f2\">\n<li class=\"ff-left\">\n\n<ul class=\"sub-left\">\n<li> <img decoding=\"async\" src=\"\/wp-content\/uploads\/2025\/03\/gf.webp\" alt=\"usine de zhonghai\"><p>Entrep\u00f4t<\/p><\/li>\n<li> <img decoding=\"async\" src=\"\/wp-content\/uploads\/2025\/03\/fr.webp\" alt=\"usine de zhonghai\"><p>Entrep\u00f4t<\/p><\/li>\n<li> <img decoding=\"async\" src=\"\/wp-content\/uploads\/2025\/03\/dsw.webp\" alt=\"usine de zhonghai\"><p>Mati\u00e8re premi\u00e8re<\/p><\/li>\n<li> <img decoding=\"async\" src=\"\/wp-content\/uploads\/2025\/03\/s4.webp\" alt=\"usine de zhonghai\"><p>Mati\u00e8re premi\u00e8re<\/p><\/li>\n\n\n<\/ul>\n<\/li>\n<li class=\"ff-right\">\n<img decoding=\"async\" src=\"\/wp-content\/uploads\/2025\/04\/gty.webp\" alt=\"usine de zhonghai\">\n\n<\/li>\n\n<\/ul>\n\n\n\n<\/div>\n\n<\/div>\n\n\n\n<div class=\"factory-body\">\n<div class=\"layout\">\n<h2>Production<\/h2>\n<ul class=\"fac-flex\">\n<li class=\"ff-left\">\n\n<ul class=\"sub-left\">\n<li> <img decoding=\"async\" src=\"\/wp-content\/uploads\/2025\/03\/p5.webp\" alt=\"usine de zhonghai\"><p>Fusion<\/p><\/li>\n<li> <img decoding=\"async\" src=\"\/wp-content\/uploads\/2025\/03\/p3.webp\" alt=\"usine de zhonghai\"><p>Ligne de production<\/p><\/li>\n<li> <img decoding=\"async\" src=\"\/wp-content\/uploads\/2025\/03\/p4.webp\" alt=\"usine de zhonghai\"><p>Essais<\/p><\/li>\n<li> <img decoding=\"async\" src=\"\/wp-content\/uploads\/2025\/03\/p2.webp\" alt=\"usine de zhonghai\"><p>Refroidissement<\/p><\/li>\n\n\n<\/ul>\n<\/li>\n<li class=\"ff-right\">\n<img decoding=\"async\" src=\"\/wp-content\/uploads\/2025\/04\/p1.webp\" alt=\"usine de zhonghai\">\n\n<\/li>\n\n<\/ul>\n\n\n\n<\/div>\n\n<\/div>\n\n\n\n<div class=\"factory-body\">\n<div class=\"layout\">\n<h2>Processus en profondeur<\/h2>\n<ul class=\"fac-flex f2\">\n<li class=\"ff-left\">\n\n<ul class=\"sub-left\">\n<li> <img decoding=\"async\" src=\"\/wp-content\/uploads\/2025\/03\/d5.webp\" alt=\"usine de zhonghai\"><p>Placage \u00e9lectrolytique<\/p><\/li>\n<li> <img decoding=\"async\" src=\"\/wp-content\/uploads\/2025\/03\/d4.webp\" alt=\"usine de zhonghai\"><p>pulv\u00e9risation de la couleur<\/p><\/li>\n<li> <img decoding=\"async\" src=\"\/wp-content\/uploads\/2025\/03\/d3.webp\" alt=\"usine de zhonghai\"><p>impression de d\u00e9calcomanies<\/p><\/li>\n<li> <img decoding=\"async\" src=\"\/wp-content\/uploads\/2025\/03\/d1.webp\" alt=\"usine de zhonghai\"><p>gla\u00e7age<\/p><\/li>\n\n\n<\/ul>\n<\/li>\n<li class=\"ff-right\">\n<img decoding=\"async\" src=\"\/wp-content\/uploads\/2025\/04\/d2.webp\" alt=\"usine de zhonghai\">\n\n<\/li>\n\n<\/ul>\n\n\n\n<\/div>\n\n<\/div>\n\n\n\n<div class=\"factory-body\">\n<div class=\"layout\">\n<h2>Paquet<\/h2>\n<ul class=\"fac-flex\">\n<li class=\"ff-left\">\n\n<p style=\"margin-bottom:15px\">Nous pouvons fournir divers emballages personnalis\u00e9s en fonction des besoins du client.<\/p>\n<ul class=\"sub-left\">\n<li class=\"nn nn2\"> <img decoding=\"async\" src=\"\/wp-content\/uploads\/2025\/04\/ship1.webp\" alt=\"usine de zhonghai\"><\/li>\n<li class=\"nn nn2\"> <img decoding=\"async\" src=\"\/wp-content\/uploads\/2025\/04\/ship2.webp\" alt=\"usine de zhonghai\"><\/li>\n<li class=\"nn2\"> <img decoding=\"async\" src=\"\/wp-content\/uploads\/2025\/04\/ship3.webp\" alt=\"usine de zhonghai\"><\/li>\n<li class=\"nn2\"> <img decoding=\"async\" src=\"\/wp-content\/uploads\/2025\/04\/ship4.webp\" alt=\"usine de zhonghai\"><\/li>\n\n<\/ul>\n\n\n<li class=\"ff-right\">\n<img decoding=\"async\" style=\"margin-bottom:20px\" src=\"\/wp-content\/uploads\/2025\/04\/g1.webp\" alt=\"usine de zhonghai\">\n\n<\/li>\n\n<\/ul>\n\n\n\n<\/div>\n\n<\/div>\n\n\n\n<style>\n\n.lk a{\ntext-decoration:underline\n}\n.factory-body{\nmargin-bottom:60px\n}\n.fac-flex{\ndisplay:flex;\njustify-content:space-between;\nmargin-bottom:30px;\nflex-flow:row wrap\n\n}\n.fac-flex img{\nborder-radius:15px\n\n}\n.factory-body h2{\n      text-align: center;\n    padding: 0 20px 20px;\n    font-size: 24px;\n    text-transform: uppercase;\n\n}\n.f2{\n    flex-direction: row-reverse;\n\n}\n.fac-flex h2{\n    text-align: center;\n    padding: 0 20px 20px;\n    font-size: 24px;\n    text-transform: uppercase;\n}\n\n.sub-left{\ndisplay:flex;\nflex-flow:row wrap;\njustify-content:space-between;\n  \n\n}\n.ff-left{\n  width: 65%;\n    \n}\n.ff-right{\nwidth:33%\n}\n.sub-left p{\ntext-align:center;\npadding:10px;\ntext-transform: uppercase;\nbackground:#fff;\n    \n\n}\n.sub-left li img{\nwidth:100%\n}\n.sub-left li{\nwidth:49%\n}\n\n.l2 li{\nwidth:33%!important;\nmargin-bottom:15px\n}\n.l3 li{\nwidth:24.66%\n}\n\n@media screen and (max-width:981px){\n.nn2{\nmargin-bottom:2%\n}\n.ff-left{\nwidth:100%!important\n}\n.ff-right{\nwidth:100%!important\n\n}\n.top1{\nmargin-top:30px\n\n}\n.fac-flex h2{\n\n    font-size: 18px;\n}\n.factory-body{\nmargin-bottom:30px!important\n}\n\n}\n@media screen and (min-width:981px){\n.ff-right img{\nheight:100%\n}\n.nn{\nmargin-bottom:2%\n}\n}\n\n\n<\/style>\n\n\n\n<!--\u53f3\u4e0b\u89d2\u8868\u5355-->\n       <div id=\"popupForm\" data-scroll-reveal=\"enter bottom over .3s after .2s\">\n  <span id=\"close-btn\">\u00d7<\/span>\n    <div class=\"header_inquiry\"\n         style=\"display: flex; align-items: center; justify-content: center; height: 64vh; background-color: #f1f4f6; width: 100%;\">\n        <div id=\"header_inquiry-form\"\n             style=\"border:1px solid #bfbfbf; padding: 2em; padding-top:2.625em;width: 84%; background-color: #fff;\">\n            <div style=\"background-color: #013e5a; color: #fff; padding: 1em; border-radius: 5px; margin-bottom: 2em; text-align: center;\">\n                <h2 style=\"margin: 0; color: #fff;\">Laissez votre message<\/h2>\n            <\/div>\n            <form id=\"header_inquiry-form-content\" action=\"#\" method=\"post\" style=\"color: #666;\" data-trp-original-action=\"#\">\n                <input type=\"text\" name=\"title\" id=\"name\" placeholder=\"Nom...\" required\n style=\"width: 100%; padding: 1em; margin-bottom: 1em; box-sizing: border-box;\">\n                <input type=\"email\" name=\"email\" id=\"email\"\n                       placeholder=\"*Email (Nous vous r\u00e9pondrons par email dans les 24 heures)\" required\n style=\"width: 100%; padding: 1em; margin-bottom: 1em; box-sizing: border-box;\">\n                <input type=\"text\" name=\"telephone\" id=\"phone\" placeholder=\"T\u00e9l\u00e9phone\/WhatsApp\/WeChat (tr\u00e8s important)\"\n                       required style=\"width: 100%; padding: 1em; margin-bottom: 1em; box-sizing: border-box;\">\n                <textarea name=\"message\" id=\"details\" rows=\"4\"\n                          placeholder=\"*Les d\u00e9tails de l&#039;en-t\u00eate tels que la taille, la couleur, les mat\u00e9riaux, etc. et d&#039;autres exigences sp\u00e9cifiques pour recevoir un devis pr\u00e9cis.\"\n                          style=\"width: 100%; padding: 1em; margin-bottom: 1em; box-sizing: border-box;\"><\/textarea>\n                <button id=\"send_form\" type=\"submit\"\n                        style=\"background-color: #f28808; color: #fff; padding: 1em 1.5em; border: none; border-radius: 3px; cursor: pointer; width: 100%;\">\n                    Envoyer\n                <\/button>\n            <input type=\"hidden\" name=\"trp-form-language\" value=\"fr\"\/><\/form>\n        <\/div>\n    <\/div>\n    \n\n\n\n\n<\/div>\n  <!-- Contact Us\u6309\u94ae -->\n    <button id=\"contactUsBtn\">Nous contacter<\/button>\n<style>\n  \/* \u8868\u5355\u5bb9\u5668\u6837\u5f0f *\/\n  #popupForm {\n    position: fixed;\n    bottom: 20px;\n    left: 20px;\n    width: 385px;\n    \/*padding: 20px;*\/\n    background-color: #fff;\n    \/*border: 1px solid #ccc;*\/\n    box-shadow: 0 2px 10px rgba(0,0,0,0.1);\n    \/*display: none; *\/\n    z-index: 99999;\n    border-radius: 15px;\n    display: none;\n  }\n\n  \/* \u5173\u95ed\u6309\u94ae\u6837\u5f0f *\/\n  #close-btn {\n    position: absolute;\n    top: 0px;\n    right: 15px;\n    cursor: pointer;\n    font-size: 28px;\n        color: #979797;\n  }\n #popupForm .header_inquiry{\n     padding:0!important;\n     \n     border-radius: 15px;\n     \n  }\n #popupForm #header_inquiry-form{\n      width:100%!important;\n      border:0!important;\n      border-radius: 15px;\n  }\n #popupForm #header_inquiry-form h2{\n     font-size: 16px;\n }\n \n \n#popupForm input, textarea{\n      font-size: 12px;\n      border-radius: 5px;\n    border: 1px solid #dcdcdc!important;\n}\n#popupForm #header_inquiry-form div:nth-child(1){\n        background: #30318e!important;\n        padding:10px!important;\n}\n#popupForm #header_inquiry-form button{\n    width: 100%!important;\n        padding: 0.8em 1.5em!important;\n        background:#86C953!important;\n        border-radius: 25px!important;\n}\n\n \/* Contact Us\u6309\u94ae\u6837\u5f0f *\/\n        #contactUsBtn {\n            position: fixed;\n            bottom: 20px;\n            left: 20px;\n            display: block;\n                background: #30318e;\n    border: 0;\n    color: #fff;\n    padding: 10px 40px;\n    font-weight: bold;\n    border-radius: 25px;\n    font-size: 18px;\n    z-index: 99999;\n    \/*display: none;*\/\n    cursor: pointer;\n     transition: all 0.3s ease;\n        }\n         #contactUsBtn:hover {\n    animation: shake 0.5s;\n    animation-iteration-count: 1; \/* \u6296\u52a81\u6b21 *\/\n}\n\n@keyframes shake {\n    0% { transform: translate(0, 0); }\n    25% { transform: translate(0, -5px); }\n    50% { transform: translate(0, 5px); }\n    75% { transform: translate(0, -5px); }\n    100% { transform: translate(0, 0); }\n}\n        \n        \n<\/style>\n <script>\n        \/\/ \u83b7\u53d6\u5143\u7d20\n        const popupForm = document.getElementById('popupForm');\n        const closeBtn = document.getElementById('close-btn');\n        const contactUsBtn = document.getElementById('contactUsBtn');\n\n        \/\/ \u663e\u793a\u8868\u5355\u51fd\u6570\n        function showForm() {\n            popupForm.style.display = 'block';\n            contactUsBtn.style.display = 'none';\n        }\n\n        \/\/ \u9690\u85cf\u8868\u5355\u51fd\u6570\n        function hideForm() {\n            popupForm.style.display = 'none';\n            contactUsBtn.style.display = 'block';\n        }\n\n        \/\/ \u9875\u9762\u52a0\u8f7d\u5b8c\u6210\u540e\u663e\u793a\u8868\u5355\uff08\u53ef\u6839\u636e\u9700\u6c42\u4fee\u6539\u89e6\u53d1\u6761\u4ef6\uff09\n        \/\/ window.onload = showForm;\n\n        \/\/ \u7ed9\u5173\u95ed\u6309\u94ae\u6dfb\u52a0\u70b9\u51fb\u4e8b\u4ef6\u76d1\u542c\u5668\n        closeBtn.addEventListener('click', hideForm);\n          contactUsBtn.addEventListener('click', showForm);\n    <\/script>","protected":false},"excerpt":{"rendered":"<p>Home Factory Overview FACTORY OVERVIEW Zhonghai Glass &#8211; a professional glass packaging manufacturer located in Shandong, China. Our advanced equipment is used for production all kinds of spirits glass bottles, water glass bottle, beverage glass bottle, cosmetics packaging and packaging box. Well-educated production and technical staff to control quality throughout the process. Welcome to visit [&hellip;]<\/p>","protected":false},"author":1,"featured_media":0,"parent":0,"menu_order":0,"comment_status":"closed","ping_status":"closed","template":"","meta":{"footnotes":""},"class_list":["post-441","page","type-page","status-publish","hentry"],"yoast_head":"<!-- This site is optimized with the Yoast SEO plugin v24.4 - https:\/\/yoast.com\/wordpress\/plugins\/seo\/ -->\n<title>Zhonghaiglass - Glass Bottle supplier - Zhonghai (Tianjin) International Trade Co., Ltd.<\/title>\n<meta name=\"description\" content=\"Spirits Glass Bottle manufacturer, also supply Water Glass Bottle, High Borosilicate Glass Bottle, Olive Oil Glass Bottle, Natural Colored Material Glass Bottle and other Packagings.\" \/>\n<meta name=\"robots\" content=\"index, follow, max-snippet:-1, max-image-preview:large, max-video-preview:-1\" \/>\n<link rel=\"canonical\" href=\"https:\/\/www.zhonghaiglass.com\/fr\/factory-overview\/\" \/>\n<meta property=\"og:locale\" content=\"fr_FR\" \/>\n<meta property=\"og:type\" content=\"article\" \/>\n<meta property=\"og:title\" content=\"Zhonghaiglass - Glass Bottle supplier - Zhonghai (Tianjin) International Trade Co., Ltd.\" \/>\n<meta property=\"og:description\" content=\"Spirits Glass Bottle manufacturer, also supply Water Glass Bottle, High Borosilicate Glass Bottle, Olive Oil Glass Bottle, Natural Colored Material Glass Bottle and other Packagings.\" \/>\n<meta property=\"og:url\" content=\"https:\/\/www.zhonghaiglass.com\/fr\/factory-overview\/\" \/>\n<meta property=\"og:site_name\" content=\"Zhonghai (Tianjin) International Trade Co., Ltd.\" \/>\n<meta property=\"article:modified_time\" content=\"2025-05-28T01:19:26+00:00\" \/>\n<meta name=\"twitter:card\" content=\"summary_large_image\" \/>\n<meta name=\"twitter:label1\" content=\"Est. reading time\" \/>\n\t<meta name=\"twitter:data1\" content=\"6 minutes\" \/>\n<script type=\"application\/ld+json\" class=\"yoast-schema-graph\">{\"@context\":\"https:\/\/schema.org\",\"@graph\":[{\"@type\":\"WebPage\",\"@id\":\"https:\/\/www.zhonghaiglass.com\/factory-overview\/\",\"url\":\"https:\/\/www.zhonghaiglass.com\/factory-overview\/\",\"name\":\"Zhonghaiglass - Glass Bottle supplier - Zhonghai (Tianjin) International Trade Co., Ltd.\",\"isPartOf\":{\"@id\":\"https:\/\/www.zhonghaiglass.com\/#website\"},\"datePublished\":\"2025-02-27T03:15:14+00:00\",\"dateModified\":\"2025-05-28T01:19:26+00:00\",\"description\":\"Spirits Glass Bottle manufacturer, also supply Water Glass Bottle, High Borosilicate Glass Bottle, Olive Oil Glass Bottle, Natural Colored Material Glass Bottle and other Packagings.\",\"breadcrumb\":{\"@id\":\"https:\/\/www.zhonghaiglass.com\/factory-overview\/#breadcrumb\"},\"inLanguage\":\"fr-FR\",\"potentialAction\":[{\"@type\":\"ReadAction\",\"target\":[\"https:\/\/www.zhonghaiglass.com\/factory-overview\/\"]}]},{\"@type\":\"BreadcrumbList\",\"@id\":\"https:\/\/www.zhonghaiglass.com\/factory-overview\/#breadcrumb\",\"itemListElement\":[{\"@type\":\"ListItem\",\"position\":1,\"name\":\"Home\",\"item\":\"https:\/\/www.zhonghaiglass.com\/\"},{\"@type\":\"ListItem\",\"position\":2,\"name\":\"Factory Overview\"}]},{\"@type\":\"WebSite\",\"@id\":\"https:\/\/www.zhonghaiglass.com\/#website\",\"url\":\"https:\/\/www.zhonghaiglass.com\/\",\"name\":\"Zhonghai (Tianjin) International Trade Co., Ltd.\",\"description\":\"Zhonghai (Tianjin) International Trade Co., Ltd.\",\"publisher\":{\"@id\":\"https:\/\/www.zhonghaiglass.com\/#organization\"},\"potentialAction\":[{\"@type\":\"SearchAction\",\"target\":{\"@type\":\"EntryPoint\",\"urlTemplate\":\"https:\/\/www.zhonghaiglass.com\/?s={search_term_string}\"},\"query-input\":{\"@type\":\"PropertyValueSpecification\",\"valueRequired\":true,\"valueName\":\"search_term_string\"}}],\"inLanguage\":\"fr-FR\"},{\"@type\":\"Organization\",\"@id\":\"https:\/\/www.zhonghaiglass.com\/#organization\",\"name\":\"Zhonghai (Tianjin) International Trade Co., Ltd.\",\"url\":\"https:\/\/www.zhonghaiglass.com\/\",\"logo\":{\"@type\":\"ImageObject\",\"inLanguage\":\"fr-FR\",\"@id\":\"https:\/\/www.zhonghaiglass.com\/#\/schema\/logo\/image\/\",\"url\":\"https:\/\/www.zhonghaiglass.com\/wp-content\/uploads\/2025\/02\/cropped-ZH-logo-3.webp\",\"contentUrl\":\"https:\/\/www.zhonghaiglass.com\/wp-content\/uploads\/2025\/02\/cropped-ZH-logo-3.webp\",\"width\":774,\"height\":372,\"caption\":\"Zhonghai (Tianjin) International Trade Co., Ltd.\"},\"image\":{\"@id\":\"https:\/\/www.zhonghaiglass.com\/#\/schema\/logo\/image\/\"}}]}<\/script>\n<!-- \/ Yoast SEO plugin. -->","yoast_head_json":{"title":"Zhonghaiglass - Glass Bottle supplier - Zhonghai (Tianjin) International Trade Co., Ltd.","description":"Spirits Glass Bottle manufacturer, also supply Water Glass Bottle, High Borosilicate Glass Bottle, Olive Oil Glass Bottle, Natural Colored Material Glass Bottle and other Packagings.","robots":{"index":"index","follow":"follow","max-snippet":"max-snippet:-1","max-image-preview":"max-image-preview:large","max-video-preview":"max-video-preview:-1"},"canonical":"https:\/\/www.zhonghaiglass.com\/fr\/factory-overview\/","og_locale":"fr_FR","og_type":"article","og_title":"Zhonghaiglass - Glass Bottle supplier - Zhonghai (Tianjin) International Trade Co., Ltd.","og_description":"Spirits Glass Bottle manufacturer, also supply Water Glass Bottle, High Borosilicate Glass Bottle, Olive Oil Glass Bottle, Natural Colored Material Glass Bottle and other Packagings.","og_url":"https:\/\/www.zhonghaiglass.com\/fr\/factory-overview\/","og_site_name":"Zhonghai (Tianjin) International Trade Co., Ltd.","article_modified_time":"2025-05-28T01:19:26+00:00","twitter_card":"summary_large_image","twitter_misc":{"Est. reading time":"6 minutes"},"schema":{"@context":"https:\/\/schema.org","@graph":[{"@type":"WebPage","@id":"https:\/\/www.zhonghaiglass.com\/factory-overview\/","url":"https:\/\/www.zhonghaiglass.com\/factory-overview\/","name":"Zhonghaiglass - Glass Bottle supplier - Zhonghai (Tianjin) International Trade Co., Ltd.","isPartOf":{"@id":"https:\/\/www.zhonghaiglass.com\/#website"},"datePublished":"2025-02-27T03:15:14+00:00","dateModified":"2025-05-28T01:19:26+00:00","description":"Spirits Glass Bottle manufacturer, also supply Water Glass Bottle, High Borosilicate Glass Bottle, Olive Oil Glass Bottle, Natural Colored Material Glass Bottle and other Packagings.","breadcrumb":{"@id":"https:\/\/www.zhonghaiglass.com\/factory-overview\/#breadcrumb"},"inLanguage":"fr-FR","potentialAction":[{"@type":"ReadAction","target":["https:\/\/www.zhonghaiglass.com\/factory-overview\/"]}]},{"@type":"BreadcrumbList","@id":"https:\/\/www.zhonghaiglass.com\/factory-overview\/#breadcrumb","itemListElement":[{"@type":"ListItem","position":1,"name":"Home","item":"https:\/\/www.zhonghaiglass.com\/"},{"@type":"ListItem","position":2,"name":"Factory Overview"}]},{"@type":"WebSite","@id":"https:\/\/www.zhonghaiglass.com\/#website","url":"https:\/\/www.zhonghaiglass.com\/","name":"Zhonghai (Tianjin) International Trade Co., Ltd.","description":"Zhonghai (Tianjin) International Trade Co., Ltd.","publisher":{"@id":"https:\/\/www.zhonghaiglass.com\/#organization"},"potentialAction":[{"@type":"SearchAction","target":{"@type":"EntryPoint","urlTemplate":"https:\/\/www.zhonghaiglass.com\/?s={search_term_string}"},"query-input":{"@type":"PropertyValueSpecification","valueRequired":true,"valueName":"search_term_string"}}],"inLanguage":"fr-FR"},{"@type":"Organization","@id":"https:\/\/www.zhonghaiglass.com\/#organization","name":"Zhonghai (Tianjin) International Trade Co., Ltd.","url":"https:\/\/www.zhonghaiglass.com\/","logo":{"@type":"ImageObject","inLanguage":"fr-FR","@id":"https:\/\/www.zhonghaiglass.com\/#\/schema\/logo\/image\/","url":"https:\/\/www.zhonghaiglass.com\/wp-content\/uploads\/2025\/02\/cropped-ZH-logo-3.webp","contentUrl":"https:\/\/www.zhonghaiglass.com\/wp-content\/uploads\/2025\/02\/cropped-ZH-logo-3.webp","width":774,"height":372,"caption":"Zhonghai (Tianjin) International Trade Co., Ltd."},"image":{"@id":"https:\/\/www.zhonghaiglass.com\/#\/schema\/logo\/image\/"}}]}},"_links":{"self":[{"href":"https:\/\/www.zhonghaiglass.com\/fr\/wp-json\/wp\/v2\/pages\/441","targetHints":{"allow":["GET"]}}],"collection":[{"href":"https:\/\/www.zhonghaiglass.com\/fr\/wp-json\/wp\/v2\/pages"}],"about":[{"href":"https:\/\/www.zhonghaiglass.com\/fr\/wp-json\/wp\/v2\/types\/page"}],"author":[{"embeddable":true,"href":"https:\/\/www.zhonghaiglass.com\/fr\/wp-json\/wp\/v2\/users\/1"}],"replies":[{"embeddable":true,"href":"https:\/\/www.zhonghaiglass.com\/fr\/wp-json\/wp\/v2\/comments?post=441"}],"version-history":[{"count":2,"href":"https:\/\/www.zhonghaiglass.com\/fr\/wp-json\/wp\/v2\/pages\/441\/revisions"}],"predecessor-version":[{"id":1863,"href":"https:\/\/www.zhonghaiglass.com\/fr\/wp-json\/wp\/v2\/pages\/441\/revisions\/1863"}],"wp:attachment":[{"href":"https:\/\/www.zhonghaiglass.com\/fr\/wp-json\/wp\/v2\/media?parent=441"}],"curies":[{"name":"wp","href":"https:\/\/api.w.org\/{rel}","templated":true}]}}