{"id":433,"date":"2025-02-27T03:12:52","date_gmt":"2025-02-27T03:12:52","guid":{"rendered":"https:\/\/www.zhonghaiglass.com\/?page_id=433"},"modified":"2025-09-25T02:08:47","modified_gmt":"2025-09-25T02:08:47","slug":"customized-services","status":"publish","type":"page","link":"https:\/\/www.zhonghaiglass.com\/fr\/customized-services\/","title":{"rendered":"Services personnalis\u00e9s"},"content":{"rendered":"<div class=\"path_bar\" style=\"\">\n        <div class=\"layout\">\n            <ul>\n                <li><a href=\"\/\">Accueil<\/a><\/li>\n                <!--\u9762\u5305\u5c51-->\n               <li><a href=\"\">Services personnalis\u00e9s<\/a><\/li>\n            <\/ul>\n        <\/div>\n    <\/div>\n\n\n\n<p class=\"has-text-align-center\" style=\"font-size:30px\"><strong>SERVICES PERSONNALIS\u00c9S<\/strong><\/p>\n\n\n\n<section class=\"gb\" style=\"\">\n           \n               <section class=\"layout\">\n\n                  <img decoding=\"async\" src=\"\/wp-content\/uploads\/2025\/04\/CUSTOMIZED-SERVICES-BANNER.webp\" alt=\"Banni\u00e8re de services personnalis\u00e9s\">\n\n\n\n    \n               <\/section>\n  <\/section>\n\n\n\n<section class=\"index_about\" style=\"background: #fff;\">\n           \n               <section class=\"layout\">\n                   <div class=\"sec1-body rtg\">\n                     <div class=\"sec-body-left\">\n                             <div>\n                      <h2 class=\"homeTitle homeTitle2\">\n                          <b><\/b>\n                          <span class=\"section-title-main\">Processus de personnalisation<\/span>\n                          <b><\/b>\n                          <\/h2>\n                    <\/div>\n\n  <div class=\"p-center\"><p><span class=\"gou\">\u221a<\/span> 1. projet d'emballage en verre.<\/p>\n<p><span class=\"gou\">\u221a<\/span> 2. Dessin personnalis\u00e9.<\/p>\n<p><span class=\"gou\">\u221a<\/span> 3. Fabrication de moules.<\/p>\n<p><span class=\"gou\">\u221a<\/span> 4. Produire des \u00e9chantillons personnalis\u00e9s.<\/p>\n<p><span class=\"gou\">\u221a<\/span> 5. Production en s\u00e9rie apr\u00e8s approbation de l'\u00e9chantillon.<\/p>\n<p><span class=\"gou\">\u221a<\/span> 6. D\u00e9coration et emballage.<\/p><\/div>\n\n                        \n                           \n                       <\/div>\n                       <div class=\"sec-body-right\">\n                           <img decoding=\"async\" style=\"border-top-left-radius:0!important\" src=\"\/wp-content\/uploads\/2025\/04\/Customization-Process.webp\" alt=\"Processus de personnalisation\">\n                           \n                       <\/div>\n                       \n                   <\/div>\n                   \n                   \n                   \n      \n      \n                <\/section>\n      <\/section>\n\n\n\n<div class=\"fs-body4 f2\" style=\"    padding-top: 50px;\">\n <div class=\"layout\">\n \n           \n\n<ul class=\"bb\">\n\n           <li>\n<p>Processus en profondeur<\/p>\n<iframe loading=\"lazy\" width=\"100%\" height=\"400\" src=\"\/wp-content\/uploads\/2025\/03\/DEEP-PROCESS.mp4\" sandbox=\"\"><\/iframe>\n\n<\/li>\n<li>\n<p>Faire un moule<\/p>\n<iframe loading=\"lazy\" width=\"100%\" height=\"400\" src=\"\/wp-content\/uploads\/2025\/03\/MOLD.mp4\" sandbox=\"\"><\/iframe>\n\n<\/li>\n<li>\n<p>Emballage et exp\u00e9dition<\/p>\n<iframe loading=\"lazy\" width=\"100%\" height=\"400\" src=\"\/wp-content\/uploads\/2025\/03\/PACKAGE.mp4\" sandbox=\"\"><\/iframe>\n\n<\/li>\n<\/ul>\n\n\n<\/div>\n<\/div>\n\n\n\n<style>\n\n@media screen and (min-width:981px){\n.rtg .sec-body-right{\nwidth:65%!important\n}\n.rtg .sec-body-left{\n\nwidth:35%!important\n}\n}\n\n\n.p-center{\n    width: fit-content;\n    margin: 0 auto;\n}\n.bb p{\n    font-weight: bold;\n    margin-bottom: 15px;\nfont-size:18px\n\n}\n.fs-body4 ul {\n    display: flex;\n    justify-content: space-between;\n    flex-flow: row wrap;\n    margin-bottom: 50px;\n}\n.fs-body4 ul li {\n    width: 33%;\n    margin-bottom: 0.6%;\ntext-align:center\n}\n\n\n.gb p{\ncolor:#fff;\nfont-size:1.7em\n\n}\n@media screen and (max-width:981px){\n.f2{\npadding-top:0px!important\n}\n   .f2 ul li{\nwidth:100%!important\n\n} \n}\n.sec-body-left p{\n    -webkit-line-clamp: inherit!important;\nfont-weight:bold\n\n}\n.sec1-body{\n    align-items: center;\n\n}\n\n.f2 p{\ntext-transform:uppercase;\n\n}\n<\/style>\n\n\n\n<!--\u53f3\u4e0b\u89d2\u8868\u5355-->\n       <div id=\"popupForm\" data-scroll-reveal=\"enter bottom over .3s after .2s\">\n  <span id=\"close-btn\">\u00d7<\/span>\n    <div class=\"header_inquiry\"\n         style=\"display: flex; align-items: center; justify-content: center; height: 64vh; background-color: #f1f4f6; width: 100%;\">\n        <div id=\"header_inquiry-form\"\n             style=\"border:1px solid #bfbfbf; padding: 2em; padding-top:2.625em;width: 84%; background-color: #fff;\">\n            <div style=\"background-color: #013e5a; color: #fff; padding: 1em; border-radius: 5px; margin-bottom: 2em; text-align: center;\">\n                <h2 style=\"margin: 0; color: #fff;\">Laissez votre message<\/h2>\n            <\/div>\n            <form id=\"header_inquiry-form-content\" action=\"#\" method=\"post\" style=\"color: #666;\" data-trp-original-action=\"#\">\n                <input type=\"text\" name=\"title\" id=\"name\" placeholder=\"Nom...\" required\n style=\"width: 100%; padding: 1em; margin-bottom: 1em; box-sizing: border-box;\">\n                <input type=\"email\" name=\"email\" id=\"email\"\n                       placeholder=\"*Email (Nous vous r\u00e9pondrons par email dans les 24 heures)\" required\n style=\"width: 100%; padding: 1em; margin-bottom: 1em; box-sizing: border-box;\">\n                <input type=\"text\" name=\"telephone\" id=\"phone\" placeholder=\"T\u00e9l\u00e9phone\/WhatsApp\/WeChat (tr\u00e8s important)\"\n                       required style=\"width: 100%; padding: 1em; margin-bottom: 1em; box-sizing: border-box;\">\n                <textarea name=\"message\" id=\"details\" rows=\"4\"\n                          placeholder=\"*Les d\u00e9tails de l&#039;en-t\u00eate tels que la taille, la couleur, les mat\u00e9riaux, etc. et d&#039;autres exigences sp\u00e9cifiques pour recevoir un devis pr\u00e9cis.\"\n                          style=\"width: 100%; padding: 1em; margin-bottom: 1em; box-sizing: border-box;\"><\/textarea>\n                <button id=\"send_form\" type=\"submit\"\n                        style=\"background-color: #f28808; color: #fff; padding: 1em 1.5em; border: none; border-radius: 3px; cursor: pointer; width: 100%;\">\n                    Envoyer\n                <\/button>\n            <input type=\"hidden\" name=\"trp-form-language\" value=\"fr\"\/><\/form>\n        <\/div>\n    <\/div>\n    \n\n\n\n\n<\/div>\n  <!-- Contact Us\u6309\u94ae -->\n    <button id=\"contactUsBtn\">Nous contacter<\/button>\n<style>\n  \/* \u8868\u5355\u5bb9\u5668\u6837\u5f0f *\/\n  #popupForm {\n    position: fixed;\n    bottom: 20px;\n    left: 20px;\n    width: 385px;\n    \/*padding: 20px;*\/\n    background-color: #fff;\n    \/*border: 1px solid #ccc;*\/\n    box-shadow: 0 2px 10px rgba(0,0,0,0.1);\n    \/*display: none; *\/\n    z-index: 99999;\n    border-radius: 15px;\n    display: none;\n  }\n\n  \/* \u5173\u95ed\u6309\u94ae\u6837\u5f0f *\/\n  #close-btn {\n    position: absolute;\n    top: 0px;\n    right: 15px;\n    cursor: pointer;\n    font-size: 28px;\n        color: #979797;\n  }\n #popupForm .header_inquiry{\n     padding:0!important;\n     \n     border-radius: 15px;\n     \n  }\n #popupForm #header_inquiry-form{\n      width:100%!important;\n      border:0!important;\n      border-radius: 15px;\n  }\n #popupForm #header_inquiry-form h2{\n     font-size: 16px;\n }\n \n \n#popupForm input, textarea{\n      font-size: 12px;\n      border-radius: 5px;\n    border: 1px solid #dcdcdc!important;\n}\n#popupForm #header_inquiry-form div:nth-child(1){\n        background: #30318e!important;\n        padding:10px!important;\n}\n#popupForm #header_inquiry-form button{\n    width: 100%!important;\n        padding: 0.8em 1.5em!important;\n        background:#86C953!important;\n        border-radius: 25px!important;\n}\n\n \/* Contact Us\u6309\u94ae\u6837\u5f0f *\/\n        #contactUsBtn {\n            position: fixed;\n            bottom: 20px;\n            left: 20px;\n            display: block;\n                background: #30318e;\n    border: 0;\n    color: #fff;\n    padding: 10px 40px;\n    font-weight: bold;\n    border-radius: 25px;\n    font-size: 18px;\n    z-index: 99999;\n    \/*display: none;*\/\n    cursor: pointer;\n     transition: all 0.3s ease;\n        }\n         #contactUsBtn:hover {\n    animation: shake 0.5s;\n    animation-iteration-count: 1; \/* \u6296\u52a81\u6b21 *\/\n}\n\n@keyframes shake {\n    0% { transform: translate(0, 0); }\n    25% { transform: translate(0, -5px); }\n    50% { transform: translate(0, 5px); }\n    75% { transform: translate(0, -5px); }\n    100% { transform: translate(0, 0); }\n}\n        \n        \n<\/style>\n <script>\n        \/\/ \u83b7\u53d6\u5143\u7d20\n        const popupForm = document.getElementById('popupForm');\n        const closeBtn = document.getElementById('close-btn');\n        const contactUsBtn = document.getElementById('contactUsBtn');\n\n        \/\/ \u663e\u793a\u8868\u5355\u51fd\u6570\n        function showForm() {\n            popupForm.style.display = 'block';\n            contactUsBtn.style.display = 'none';\n        }\n\n        \/\/ \u9690\u85cf\u8868\u5355\u51fd\u6570\n        function hideForm() {\n            popupForm.style.display = 'none';\n            contactUsBtn.style.display = 'block';\n        }\n\n        \/\/ \u9875\u9762\u52a0\u8f7d\u5b8c\u6210\u540e\u663e\u793a\u8868\u5355\uff08\u53ef\u6839\u636e\u9700\u6c42\u4fee\u6539\u89e6\u53d1\u6761\u4ef6\uff09\n        \/\/ window.onload = showForm;\n\n        \/\/ \u7ed9\u5173\u95ed\u6309\u94ae\u6dfb\u52a0\u70b9\u51fb\u4e8b\u4ef6\u76d1\u542c\u5668\n        closeBtn.addEventListener('click', hideForm);\n          contactUsBtn.addEventListener('click', showForm);\n    <\/script>","protected":false},"excerpt":{"rendered":"<p>Home Customized Services CUSTOMIZED SERVICES Customization Process \u221a 1.Draft glass packaging design. \u221a 2. Custom drawing. \u221a 3. Making molds. \u221a 4. Produce customized samples. \u221a 5. Mass production after sample approval. \u221a 6. Decoration and packaging. Deep Process Make Mold Packaging &#038; Shipping &times; Contact With Us<\/p>","protected":false},"author":1,"featured_media":0,"parent":0,"menu_order":0,"comment_status":"closed","ping_status":"closed","template":"","meta":{"footnotes":""},"class_list":["post-433","page","type-page","status-publish","hentry"],"yoast_head":"<!-- This site is optimized with the Yoast SEO plugin v24.4 - https:\/\/yoast.com\/wordpress\/plugins\/seo\/ -->\n<title>Zhonghaiglass - Glass Bottle supplier - Zhonghai (Tianjin) International Trade Co., Ltd.<\/title>\n<meta name=\"description\" content=\"Spirits Glass Bottle manufacturer, also supply Water Glass Bottle, High Borosilicate Glass Bottle, Olive Oil Glass Bottle, Natural Colored Material Glass Bottle and other Packagings.\" \/>\n<meta name=\"robots\" content=\"index, follow, max-snippet:-1, max-image-preview:large, max-video-preview:-1\" \/>\n<link rel=\"canonical\" href=\"https:\/\/www.zhonghaiglass.com\/fr\/customized-services\/\" \/>\n<meta property=\"og:locale\" content=\"fr_FR\" \/>\n<meta property=\"og:type\" content=\"article\" \/>\n<meta property=\"og:title\" content=\"Zhonghaiglass - Glass Bottle supplier - Zhonghai (Tianjin) International Trade Co., Ltd.\" \/>\n<meta property=\"og:description\" content=\"Spirits Glass Bottle manufacturer, also supply Water Glass Bottle, High Borosilicate Glass Bottle, Olive Oil Glass Bottle, Natural Colored Material Glass Bottle and other Packagings.\" \/>\n<meta property=\"og:url\" content=\"https:\/\/www.zhonghaiglass.com\/fr\/customized-services\/\" \/>\n<meta property=\"og:site_name\" content=\"Zhonghai (Tianjin) International Trade Co., Ltd.\" \/>\n<meta property=\"article:modified_time\" content=\"2025-09-25T02:08:47+00:00\" \/>\n<meta name=\"twitter:card\" content=\"summary_large_image\" \/>\n<meta name=\"twitter:label1\" content=\"Est. reading time\" \/>\n\t<meta name=\"twitter:data1\" content=\"1 minute\" \/>\n<script type=\"application\/ld+json\" class=\"yoast-schema-graph\">{\"@context\":\"https:\/\/schema.org\",\"@graph\":[{\"@type\":\"WebPage\",\"@id\":\"https:\/\/www.zhonghaiglass.com\/customized-services\/\",\"url\":\"https:\/\/www.zhonghaiglass.com\/customized-services\/\",\"name\":\"Zhonghaiglass - Glass Bottle supplier - Zhonghai (Tianjin) International Trade Co., Ltd.\",\"isPartOf\":{\"@id\":\"https:\/\/www.zhonghaiglass.com\/#website\"},\"datePublished\":\"2025-02-27T03:12:52+00:00\",\"dateModified\":\"2025-09-25T02:08:47+00:00\",\"description\":\"Spirits Glass Bottle manufacturer, also supply Water Glass Bottle, High Borosilicate Glass Bottle, Olive Oil Glass Bottle, Natural Colored Material Glass Bottle and other Packagings.\",\"breadcrumb\":{\"@id\":\"https:\/\/www.zhonghaiglass.com\/customized-services\/#breadcrumb\"},\"inLanguage\":\"fr-FR\",\"potentialAction\":[{\"@type\":\"ReadAction\",\"target\":[\"https:\/\/www.zhonghaiglass.com\/customized-services\/\"]}]},{\"@type\":\"BreadcrumbList\",\"@id\":\"https:\/\/www.zhonghaiglass.com\/customized-services\/#breadcrumb\",\"itemListElement\":[{\"@type\":\"ListItem\",\"position\":1,\"name\":\"Home\",\"item\":\"https:\/\/www.zhonghaiglass.com\/\"},{\"@type\":\"ListItem\",\"position\":2,\"name\":\"Customized Services\"}]},{\"@type\":\"WebSite\",\"@id\":\"https:\/\/www.zhonghaiglass.com\/#website\",\"url\":\"https:\/\/www.zhonghaiglass.com\/\",\"name\":\"Zhonghai (Tianjin) International Trade Co., Ltd.\",\"description\":\"Zhonghai (Tianjin) International Trade Co., Ltd.\",\"publisher\":{\"@id\":\"https:\/\/www.zhonghaiglass.com\/#organization\"},\"potentialAction\":[{\"@type\":\"SearchAction\",\"target\":{\"@type\":\"EntryPoint\",\"urlTemplate\":\"https:\/\/www.zhonghaiglass.com\/?s={search_term_string}\"},\"query-input\":{\"@type\":\"PropertyValueSpecification\",\"valueRequired\":true,\"valueName\":\"search_term_string\"}}],\"inLanguage\":\"fr-FR\"},{\"@type\":\"Organization\",\"@id\":\"https:\/\/www.zhonghaiglass.com\/#organization\",\"name\":\"Zhonghai (Tianjin) International Trade Co., Ltd.\",\"url\":\"https:\/\/www.zhonghaiglass.com\/\",\"logo\":{\"@type\":\"ImageObject\",\"inLanguage\":\"fr-FR\",\"@id\":\"https:\/\/www.zhonghaiglass.com\/#\/schema\/logo\/image\/\",\"url\":\"https:\/\/www.zhonghaiglass.com\/wp-content\/uploads\/2025\/02\/cropped-ZH-logo-3.webp\",\"contentUrl\":\"https:\/\/www.zhonghaiglass.com\/wp-content\/uploads\/2025\/02\/cropped-ZH-logo-3.webp\",\"width\":774,\"height\":372,\"caption\":\"Zhonghai (Tianjin) International Trade Co., Ltd.\"},\"image\":{\"@id\":\"https:\/\/www.zhonghaiglass.com\/#\/schema\/logo\/image\/\"}}]}<\/script>\n<!-- \/ Yoast SEO plugin. -->","yoast_head_json":{"title":"Zhonghaiglass - Glass Bottle supplier - Zhonghai (Tianjin) International Trade Co., Ltd.","description":"Spirits Glass Bottle manufacturer, also supply Water Glass Bottle, High Borosilicate Glass Bottle, Olive Oil Glass Bottle, Natural Colored Material Glass Bottle and other Packagings.","robots":{"index":"index","follow":"follow","max-snippet":"max-snippet:-1","max-image-preview":"max-image-preview:large","max-video-preview":"max-video-preview:-1"},"canonical":"https:\/\/www.zhonghaiglass.com\/fr\/customized-services\/","og_locale":"fr_FR","og_type":"article","og_title":"Zhonghaiglass - Glass Bottle supplier - Zhonghai (Tianjin) International Trade Co., Ltd.","og_description":"Spirits Glass Bottle manufacturer, also supply Water Glass Bottle, High Borosilicate Glass Bottle, Olive Oil Glass Bottle, Natural Colored Material Glass Bottle and other Packagings.","og_url":"https:\/\/www.zhonghaiglass.com\/fr\/customized-services\/","og_site_name":"Zhonghai (Tianjin) International Trade Co., Ltd.","article_modified_time":"2025-09-25T02:08:47+00:00","twitter_card":"summary_large_image","twitter_misc":{"Est. reading time":"1 minute"},"schema":{"@context":"https:\/\/schema.org","@graph":[{"@type":"WebPage","@id":"https:\/\/www.zhonghaiglass.com\/customized-services\/","url":"https:\/\/www.zhonghaiglass.com\/customized-services\/","name":"Zhonghaiglass - Glass Bottle supplier - Zhonghai (Tianjin) International Trade Co., Ltd.","isPartOf":{"@id":"https:\/\/www.zhonghaiglass.com\/#website"},"datePublished":"2025-02-27T03:12:52+00:00","dateModified":"2025-09-25T02:08:47+00:00","description":"Spirits Glass Bottle manufacturer, also supply Water Glass Bottle, High Borosilicate Glass Bottle, Olive Oil Glass Bottle, Natural Colored Material Glass Bottle and other Packagings.","breadcrumb":{"@id":"https:\/\/www.zhonghaiglass.com\/customized-services\/#breadcrumb"},"inLanguage":"fr-FR","potentialAction":[{"@type":"ReadAction","target":["https:\/\/www.zhonghaiglass.com\/customized-services\/"]}]},{"@type":"BreadcrumbList","@id":"https:\/\/www.zhonghaiglass.com\/customized-services\/#breadcrumb","itemListElement":[{"@type":"ListItem","position":1,"name":"Home","item":"https:\/\/www.zhonghaiglass.com\/"},{"@type":"ListItem","position":2,"name":"Customized Services"}]},{"@type":"WebSite","@id":"https:\/\/www.zhonghaiglass.com\/#website","url":"https:\/\/www.zhonghaiglass.com\/","name":"Zhonghai (Tianjin) International Trade Co., Ltd.","description":"Zhonghai (Tianjin) International Trade Co., Ltd.","publisher":{"@id":"https:\/\/www.zhonghaiglass.com\/#organization"},"potentialAction":[{"@type":"SearchAction","target":{"@type":"EntryPoint","urlTemplate":"https:\/\/www.zhonghaiglass.com\/?s={search_term_string}"},"query-input":{"@type":"PropertyValueSpecification","valueRequired":true,"valueName":"search_term_string"}}],"inLanguage":"fr-FR"},{"@type":"Organization","@id":"https:\/\/www.zhonghaiglass.com\/#organization","name":"Zhonghai (Tianjin) International Trade Co., Ltd.","url":"https:\/\/www.zhonghaiglass.com\/","logo":{"@type":"ImageObject","inLanguage":"fr-FR","@id":"https:\/\/www.zhonghaiglass.com\/#\/schema\/logo\/image\/","url":"https:\/\/www.zhonghaiglass.com\/wp-content\/uploads\/2025\/02\/cropped-ZH-logo-3.webp","contentUrl":"https:\/\/www.zhonghaiglass.com\/wp-content\/uploads\/2025\/02\/cropped-ZH-logo-3.webp","width":774,"height":372,"caption":"Zhonghai (Tianjin) International Trade Co., Ltd."},"image":{"@id":"https:\/\/www.zhonghaiglass.com\/#\/schema\/logo\/image\/"}}]}},"_links":{"self":[{"href":"https:\/\/www.zhonghaiglass.com\/fr\/wp-json\/wp\/v2\/pages\/433","targetHints":{"allow":["GET"]}}],"collection":[{"href":"https:\/\/www.zhonghaiglass.com\/fr\/wp-json\/wp\/v2\/pages"}],"about":[{"href":"https:\/\/www.zhonghaiglass.com\/fr\/wp-json\/wp\/v2\/types\/page"}],"author":[{"embeddable":true,"href":"https:\/\/www.zhonghaiglass.com\/fr\/wp-json\/wp\/v2\/users\/1"}],"replies":[{"embeddable":true,"href":"https:\/\/www.zhonghaiglass.com\/fr\/wp-json\/wp\/v2\/comments?post=433"}],"version-history":[{"count":3,"href":"https:\/\/www.zhonghaiglass.com\/fr\/wp-json\/wp\/v2\/pages\/433\/revisions"}],"predecessor-version":[{"id":2516,"href":"https:\/\/www.zhonghaiglass.com\/fr\/wp-json\/wp\/v2\/pages\/433\/revisions\/2516"}],"wp:attachment":[{"href":"https:\/\/www.zhonghaiglass.com\/fr\/wp-json\/wp\/v2\/media?parent=433"}],"curies":[{"name":"wp","href":"https:\/\/api.w.org\/{rel}","templated":true}]}}